{"id":228,"date":"2022-11-15T15:18:25","date_gmt":"2022-11-15T15:18:25","guid":{"rendered":"https:\/\/yneurofeedback.com\/?page_id=228"},"modified":"2022-12-06T02:40:07","modified_gmt":"2022-12-06T02:40:07","slug":"references","status":"publish","type":"page","link":"https:\/\/neuroenergieinstitut.com\/en\/references\/","title":{"rendered":"References"},"content":{"rendered":"<body>\t\t<div data-elementor-type=\"wp-page\" data-elementor-id=\"228\" class=\"elementor elementor-228\" data-elementor-settings=\"{&quot;ha_cmc_init_switcher&quot;:&quot;no&quot;}\">\n\t\t\t\t\t\t<section class=\"elementor-section elementor-top-section elementor-element elementor-element-7cd5c1b elementor-section-boxed elementor-section-height-default elementor-section-height-default\" data-id=\"7cd5c1b\" data-element_type=\"section\" data-e-type=\"section\" data-settings=\"{&quot;background_background&quot;:&quot;classic&quot;,&quot;_ha_eqh_enable&quot;:false}\">\n\t\t\t\t\t\t<div class=\"elementor-container elementor-column-gap-default\">\n\t\t\t\t\t<div class=\"elementor-column elementor-col-16 elementor-top-column elementor-element elementor-element-8de284d\" data-id=\"8de284d\" data-element_type=\"column\" data-e-type=\"column\">\n\t\t\t<div class=\"elementor-widget-wrap\">\n\t\t\t\t\t\t\t<\/div>\n\t\t<\/div>\n\t\t\t\t<div class=\"elementor-column elementor-col-66 elementor-top-column elementor-element elementor-element-df2c93c\" data-id=\"df2c93c\" data-element_type=\"column\" data-e-type=\"column\" data-settings=\"{&quot;background_background&quot;:&quot;classic&quot;}\">\n\t\t\t<div class=\"elementor-widget-wrap elementor-element-populated\">\n\t\t\t\t\t\t<div class=\"elementor-element elementor-element-3185f18 elementor-widget elementor-widget-text-editor\" data-id=\"3185f18\" data-element_type=\"widget\" data-e-type=\"widget\" data-widget_type=\"text-editor.default\">\n\t\t\t\t<div class=\"elementor-widget-container\">\n\t\t\t\t\t\t\t\t\t<p>Dans le cadre de l\u2019\u00e9tude de Julian Ford,\u00a0<a href=\"https:\/\/www.neurofeedback-dorotheelemaire.com\/_files\/ugd\/568ad1_8fc7234823b642cba29b0ba898be1ac7.pdf\" target=\"_blank\" rel=\"noopener\">\u201cLe Neurofeedback Dynamique am\u00e9liore-t-il l\u2019attention et la concentration?\u201d<\/a>\u00a0(2018),\u00a0l\u2019am\u00e9lioration de la concentration se situe entre 18,95% et 40,78% d\u00e8s 5 s\u00e9ances.<\/p><p>In the framework of\u00a0<a href=\"https:\/\/www.neurofeedback-dorotheelemaire.com\/_files\/ugd\/568ad1_b8569b1baf4b440bb28ed366ca279cef.pdf\" target=\"_blank\" rel=\"noopener\">l\u2019\u00e9tude de l\u2019Universit\u00e9 de Floride relative \u00e0 l\u2019efficacit\u00e9\u00a0du Neurofeedback Dynamique sur les troubles de l\u2019attention avec ou sans hyperactivit\u00e9 et les troubles anxieux d\u2019\u00e9tudiants<\/a>\u00a0(2018),\u00a016 s\u00e9ances Neurofeedback Dynamique ont \u00e9t\u00e9 effectu\u00e9es par un groupe d\u2019\u00e9tudiants ayant un diagnostic de TDAH, et ces s\u00e9ances ont significativement r\u00e9duit leurs troubles de l\u2019attention et de l\u2019hyperactivit\u00e9, ainsi que leurs \u00e9ventuels troubles d\u00e9pressifs et anxieux. En outre, ces s\u00e9ances ont am\u00e9lior\u00e9 de mani\u00e8re significative leur image de soi et leur sens de l\u2019efficacit\u00e9. 16 s\u00e9ances Neurofeedback Dynamique ont \u00e9galement \u00e9t\u00e9 effectu\u00e9es aupr\u00e8s d\u2019\u00e9tudiants ayant un diagnostic de troubles anxieux, et les s\u00e9ances ont r\u00e9duit de mani\u00e8re significative lesdits troubles, tout en am\u00e9liorant les performances acad\u00e9miques.<\/p>\t\t\t\t\t\t\t\t<\/div>\n\t\t\t\t<\/div>\n\t\t\t\t\t<\/div>\n\t\t<\/div>\n\t\t\t\t<div class=\"elementor-column elementor-col-16 elementor-top-column elementor-element elementor-element-b853409\" data-id=\"b853409\" data-element_type=\"column\" data-e-type=\"column\">\n\t\t\t<div class=\"elementor-widget-wrap\">\n\t\t\t\t\t\t\t<\/div>\n\t\t<\/div>\n\t\t\t\t\t<\/div>\n\t\t<\/section>\n\t\t\t\t<section class=\"elementor-section elementor-top-section elementor-element elementor-element-7a8c10c elementor-section-boxed elementor-section-height-default elementor-section-height-default\" data-id=\"7a8c10c\" data-element_type=\"section\" data-e-type=\"section\" data-settings=\"{&quot;_ha_eqh_enable&quot;:false}\">\n\t\t\t\t\t\t<div class=\"elementor-container elementor-column-gap-default\">\n\t\t\t\t\t<div class=\"elementor-column elementor-col-100 elementor-top-column elementor-element elementor-element-d8b8b5c\" data-id=\"d8b8b5c\" data-element_type=\"column\" data-e-type=\"column\">\n\t\t\t<div class=\"elementor-widget-wrap elementor-element-populated\">\n\t\t\t\t\t\t<div class=\"elementor-element elementor-element-12ba513 elementor-widget elementor-widget-heading\" data-id=\"12ba513\" data-element_type=\"widget\" data-e-type=\"widget\" data-widget_type=\"heading.default\">\n\t\t\t\t<div class=\"elementor-widget-container\">\n\t\t\t\t\t<h2 class=\"elementor-heading-title elementor-size-default\">Depression and anxiety <\/h2>\t\t\t\t<\/div>\n\t\t\t\t<\/div>\n\t\t\t\t<div class=\"elementor-element elementor-element-44ee398 elementor-widget elementor-widget-text-editor\" data-id=\"44ee398\" data-element_type=\"widget\" data-e-type=\"widget\" data-widget_type=\"text-editor.default\">\n\t\t\t\t<div class=\"elementor-widget-container\">\n\t\t\t\t\t\t\t\t\t<p>Dans le cadre de l\u2019\u00e9tude men\u00e9e par le Dr Linda Beckett et le Dr Janet McCulloch (psychiatre), \u201cLes effets de Neurofeedback Dynamiquel sur les sympt\u00f4mes de la d\u00e9pression et de l\u2019anxi\u00e9t\u00e9\u201d (2016) :<br>The average of the scores on the test of depression has decreased by 30% from 8 sessions for the 138 participants with severe depression.<br>For the 97 patients with moderate depression, the mean score decreased by 29% as of 8 sessions.<br>For the 144 patients with severe anxiety, the mean score decreased by 33% as of 8 sessions.<br>As for the 70 patients with moderate anxiety, the average of the scores fell by 34%.<br>Dans le cadre de l\u2019\u00e9tude men\u00e9e par le Dr Messina Aldo (ORL) et le Dr Raponi Giorgio (ORL) relative \u00e0\u00a0l\u2019efficacit\u00e9 de Neurofeedback Dynamique aupr\u00e8s des patients atteints de Tinnitus et souffrant de d\u00e9pression, d\u2019anxi\u00e9t\u00e9, et de stress\u00a0(2018), des am\u00e9liorations significatives ont \u00e9t\u00e9 obtenues d\u00e8s 10 s\u00e9ances de Neurofeedback Dynamique.<\/p>\t\t\t\t\t\t\t\t<\/div>\n\t\t\t\t<\/div>\n\t\t\t\t\t<\/div>\n\t\t<\/div>\n\t\t\t\t\t<\/div>\n\t\t<\/section>\n\t\t\t\t<section class=\"elementor-section elementor-top-section elementor-element elementor-element-cc610d4 elementor-section-boxed elementor-section-height-default elementor-section-height-default\" data-id=\"cc610d4\" data-element_type=\"section\" data-e-type=\"section\" data-settings=\"{&quot;_ha_eqh_enable&quot;:false}\">\n\t\t\t\t\t\t<div class=\"elementor-container elementor-column-gap-default\">\n\t\t\t\t\t<div class=\"elementor-column elementor-col-100 elementor-top-column elementor-element elementor-element-3d130bc\" data-id=\"3d130bc\" data-element_type=\"column\" data-e-type=\"column\">\n\t\t\t<div class=\"elementor-widget-wrap elementor-element-populated\">\n\t\t\t\t\t\t<div class=\"elementor-element elementor-element-0349174 elementor-widget elementor-widget-heading\" data-id=\"0349174\" data-element_type=\"widget\" data-e-type=\"widget\" data-widget_type=\"heading.default\">\n\t\t\t\t<div class=\"elementor-widget-container\">\n\t\t\t\t\t<h2 class=\"elementor-heading-title elementor-size-default\">Autism spectrum disorders (ASD) : anxiety, intolerance to frustration, disorders of emotional regulation  <\/h2>\t\t\t\t<\/div>\n\t\t\t\t<\/div>\n\t\t\t\t<div class=\"elementor-element elementor-element-dc45d87 elementor-widget elementor-widget-text-editor\" data-id=\"dc45d87\" data-element_type=\"widget\" data-e-type=\"widget\" data-widget_type=\"text-editor.default\">\n\t\t\t\t<div class=\"elementor-widget-container\">\n\t\t\t\t\t\t\t\t\t<p><strong>Dans le cadre de l\u2019\u00e9tude\u00a0<\/strong>de l\u2019Association pour Enfants Autistes SOS Children\u2019s Village BC,<a href=\"https:\/\/www.neurofeedback-dorotheelemaire.com\/_files\/ugd\/568ad1_c3b392861bbd4bfaa86654a7684ce821.pdf\" target=\"_blank\" rel=\"noopener\">\u00a0\u201cAm\u00e9liorer l\u2019autor\u00e9gulation \u00e9motionnelle \u00e0 l\u2019aide de Neurpfeedback Dynamique\u201d,<\/a><strong>\u00a0l\u2019am\u00e9lioration de l\u2019autor\u00e9gulation \u00e9motionnelle se situe entre 15% et 78,5% tandis que le temps de la\u00a0<\/strong><strong>frustration est r\u00e9duit d\u2019au moins 35,9%.<\/strong><\/p><p><strong>Dynamical Neurofeedback : when our brain learns to better regulate, FOURNIER, Corinne. BOHM, Peter. (Dangles, 2011).<\/strong><\/p><p>Dynamical Neurofeedback allows access to the capabilities self-regulating your brain and gives results expected : it detects the malfunction, notify it to the brain, and teaches him to autor\u00e9parer. Dynamical Neurofeedback uses a unique protocol, effective and without side effect regardless of your age or your problem, and requires no medical diagnosis prior.<\/p>\t\t\t\t\t\t\t\t<\/div>\n\t\t\t\t<\/div>\n\t\t\t\t\t<\/div>\n\t\t<\/div>\n\t\t\t\t\t<\/div>\n\t\t<\/section>\n\t\t\t\t<section class=\"elementor-section elementor-top-section elementor-element elementor-element-3d96811 elementor-section-height-min-height elementor-section-boxed elementor-section-height-default elementor-section-items-middle\" data-id=\"3d96811\" data-element_type=\"section\" data-e-type=\"section\" data-settings=\"{&quot;background_background&quot;:&quot;classic&quot;,&quot;_ha_eqh_enable&quot;:false}\">\n\t\t\t\t\t\t<div class=\"elementor-container elementor-column-gap-default\">\n\t\t\t\t\t<div class=\"elementor-column elementor-col-100 elementor-top-column elementor-element elementor-element-0e5105b\" data-id=\"0e5105b\" data-element_type=\"column\" data-e-type=\"column\">\n\t\t\t<div class=\"elementor-widget-wrap elementor-element-populated\">\n\t\t\t\t\t\t<div class=\"elementor-element elementor-element-534940a elementor-widget elementor-widget-text-editor\" data-id=\"534940a\" data-element_type=\"widget\" data-e-type=\"widget\" data-widget_type=\"text-editor.default\">\n\t\t\t\t<div class=\"elementor-widget-container\">\n\t\t\t\t\t\t\t\t\t<div data-id=\"ad75b1e\" data-element_type=\"widget\" data-widget_type=\"heading.default\"><div><h2>Dynamical Neurofeedback NeurOptimal is recognized by the FDA as a system of well-being.<\/h2><\/div><\/div><div data-id=\"c35634f\" data-element_type=\"widget\" data-widget_type=\"text-editor.default\"><div><p><a href=\"https:\/\/neuroptimal.com\/fda-guidelines-statements\/#\" target=\"_blank\" rel=\"noopener\">https:\/\/neuroptimal.com\/fda-guidelines-statements\/#<\/a><\/p><\/div><\/div>\t\t\t\t\t\t\t\t<\/div>\n\t\t\t\t<\/div>\n\t\t\t\t\t<\/div>\n\t\t<\/div>\n\t\t\t\t\t<\/div>\n\t\t<\/section>\n\t\t\t\t<section class=\"elementor-section elementor-top-section elementor-element elementor-element-eccf023 elementor-section-boxed elementor-section-height-default elementor-section-height-default\" data-id=\"eccf023\" data-element_type=\"section\" data-e-type=\"section\" data-settings=\"{&quot;_ha_eqh_enable&quot;:false}\">\n\t\t\t\t\t\t<div class=\"elementor-container elementor-column-gap-default\">\n\t\t\t\t\t<div class=\"elementor-column elementor-col-100 elementor-top-column elementor-element elementor-element-bea18ff\" data-id=\"bea18ff\" data-element_type=\"column\" data-e-type=\"column\">\n\t\t\t<div class=\"elementor-widget-wrap elementor-element-populated\">\n\t\t\t\t\t\t<div class=\"elementor-element elementor-element-7708b55 elementor-widget elementor-widget-text-editor\" data-id=\"7708b55\" data-element_type=\"widget\" data-e-type=\"widget\" data-widget_type=\"text-editor.default\">\n\t\t\t\t<div class=\"elementor-widget-container\">\n\t\t\t\t\t\t\t\t\t<p><strong>Reports and articles\u00a0<\/strong><strong>\u200b<\/strong><\/p><p>\u200b<a href=\"https:\/\/www.neurofeedback-dorotheelemaire.com\/_files\/ugd\/568ad1_5ff3418a073a4fc08b31bfaf8958843a.pdf\" target=\"_blank\" rel=\"noopener\">LIRE\u00a0Rapport sur l\u2019usage de Neuroptimal\u00ae<\/a>, 2014.<\/p><p><a href=\"https:\/\/www.neurofeedback-dorotheelemaire.com\/_files\/ugd\/568ad1_f3ef8a491daf4df8b14cbe7fbb3fcb8e.pdf\" target=\"_blank\" rel=\"noopener\">LIRE\u00a0J\u2019ai test\u00e9\u2026 le Neurofeedback NeurOptimal\u00ae<\/a>, Yoga Magazine.\u00a0<\/p><p>Duquoc Emmanuel.\u00a0<a href=\"https:\/\/www.neurofeedback-dorotheelemaire.com\/_files\/ugd\/568ad1_8ae84897dd594873b263a668545df847.pdf\" target=\"_blank\" rel=\"noopener\">READ heal, watching movies<\/a>An alternative well-being, march 2015, N\u00b0 102, p 23-27.<\/p><p><u>\u200b<\/u><\/p>\t\t\t\t\t\t\t\t<\/div>\n\t\t\t\t<\/div>\n\t\t\t\t\t<\/div>\n\t\t<\/div>\n\t\t\t\t\t<\/div>\n\t\t<\/section>\n\t\t\t\t<\/div>\n\t\t<\/body>","protected":false},"excerpt":{"rendered":"<p>Dans le cadre de l&#8217;\u00e9tude de Julian Ford,\u00a0&#8220;Le Neurofeedback Dynamique am\u00e9liore-t-il l&#8217;attention et la concentration?&#8221;\u00a0(2018),\u00a0l&#8217;am\u00e9lioration de la concentration se situe entre 18,95% et 40,78% d\u00e8s 5 s\u00e9ances. Dans le cadre de\u00a0l&#8217;\u00e9tude de l&#8217;Universit\u00e9 de Floride relative \u00e0 l&#8217;efficacit\u00e9\u00a0du Neurofeedback Dynamique sur les troubles de l&#8217;attention avec ou sans hyperactivit\u00e9 et les troubles anxieux d&#8217;\u00e9tudiants\u00a0(2018),\u00a016 s\u00e9ances [&hellip;]<\/p>\n","protected":false},"author":1,"featured_media":0,"parent":0,"menu_order":0,"comment_status":"closed","ping_status":"closed","template":"elementor_header_footer","meta":{"om_disable_all_campaigns":false,"footnotes":""},"class_list":["post-228","page","type-page","status-publish","hentry"],"jetpack_sharing_enabled":true,"_links":{"self":[{"href":"https:\/\/neuroenergieinstitut.com\/en\/wp-json\/wp\/v2\/pages\/228","targetHints":{"allow":["GET"]}}],"collection":[{"href":"https:\/\/neuroenergieinstitut.com\/en\/wp-json\/wp\/v2\/pages"}],"about":[{"href":"https:\/\/neuroenergieinstitut.com\/en\/wp-json\/wp\/v2\/types\/page"}],"author":[{"embeddable":true,"href":"https:\/\/neuroenergieinstitut.com\/en\/wp-json\/wp\/v2\/users\/1"}],"replies":[{"embeddable":true,"href":"https:\/\/neuroenergieinstitut.com\/en\/wp-json\/wp\/v2\/comments?post=228"}],"version-history":[{"count":64,"href":"https:\/\/neuroenergieinstitut.com\/en\/wp-json\/wp\/v2\/pages\/228\/revisions"}],"predecessor-version":[{"id":990,"href":"https:\/\/neuroenergieinstitut.com\/en\/wp-json\/wp\/v2\/pages\/228\/revisions\/990"}],"wp:attachment":[{"href":"https:\/\/neuroenergieinstitut.com\/en\/wp-json\/wp\/v2\/media?parent=228"}],"curies":[{"name":"wp","href":"https:\/\/api.w.org\/{rel}","templated":true}]}}