{"id":191,"date":"2022-11-15T14:34:52","date_gmt":"2022-11-15T14:34:52","guid":{"rendered":"https:\/\/yneurofeedback.com\/?page_id=191"},"modified":"2025-05-07T05:03:29","modified_gmt":"2025-05-07T05:03:29","slug":"seances","status":"publish","type":"page","link":"https:\/\/neuroenergieinstitut.com\/en\/seances\/","title":{"rendered":"Sessions"},"content":{"rendered":"<body>\t\t<div data-elementor-type=\"wp-page\" data-elementor-id=\"191\" class=\"elementor elementor-191\" data-elementor-settings=\"{&quot;ha_cmc_init_switcher&quot;:&quot;no&quot;}\">\n\t\t\t\t\t\t<section class=\"elementor-section elementor-top-section elementor-element elementor-element-b29c665 elementor-section-full_width elementor-section-height-default elementor-section-height-default\" data-id=\"b29c665\" data-element_type=\"section\" data-e-type=\"section\" data-settings=\"{&quot;_ha_eqh_enable&quot;:false}\">\n\t\t\t\t\t\t<div class=\"elementor-container elementor-column-gap-default\">\n\t\t\t\t\t<div class=\"elementor-column elementor-col-100 elementor-top-column elementor-element elementor-element-4f0c122\" data-id=\"4f0c122\" data-element_type=\"column\" data-e-type=\"column\">\n\t\t\t<div class=\"elementor-widget-wrap elementor-element-populated\">\n\t\t\t\t\t\t<div class=\"elementor-element elementor-element-f741137 elementor-widget elementor-widget-heading\" data-id=\"f741137\" data-element_type=\"widget\" data-e-type=\"widget\" data-widget_type=\"heading.default\">\n\t\t\t\t<div class=\"elementor-widget-container\">\n\t\t\t\t\t<h2 class=\"elementor-heading-title elementor-size-default\">What is Dynamical Neurofeedback ?<\/h2>\t\t\t\t<\/div>\n\t\t\t\t<\/div>\n\t\t\t\t\t<\/div>\n\t\t<\/div>\n\t\t\t\t\t<\/div>\n\t\t<\/section>\n\t\t\t\t<section class=\"elementor-section elementor-top-section elementor-element elementor-element-38f96ea elementor-section-boxed elementor-section-height-default elementor-section-height-default\" data-id=\"38f96ea\" data-element_type=\"section\" data-e-type=\"section\" data-settings=\"{&quot;background_background&quot;:&quot;classic&quot;,&quot;_ha_eqh_enable&quot;:false}\">\n\t\t\t\t\t\t\t<div class=\"elementor-background-overlay\"><\/div>\n\t\t\t\t\t\t\t<div class=\"elementor-container elementor-column-gap-default\">\n\t\t\t\t\t<div class=\"elementor-column elementor-col-33 elementor-top-column elementor-element elementor-element-812214a\" data-id=\"812214a\" data-element_type=\"column\" data-e-type=\"column\">\n\t\t\t<div class=\"elementor-widget-wrap elementor-element-populated\">\n\t\t\t\t\t\t<div class=\"elementor-element elementor-element-359e295 elementor-widget elementor-widget-text-editor\" data-id=\"359e295\" data-element_type=\"widget\" data-e-type=\"widget\" data-widget_type=\"text-editor.default\">\n\t\t\t\t<div class=\"elementor-widget-container\">\n\t\t\t\t\t\t\t\t\t<p>It is a method of self-regulation of the neuronal networks of the brain that acts on the brain plasticity.<br>Dynamical Neurofeedback, method of training the brain, a result of the advanced neuroscience, working on the plasticity of the brain, creating new neural connections. Discovery in the 70s in the United States, it allows for the self-regulation of the brain and acts on all the biological systems of the body (nervous, digestive, immune, hormonal, endocrine, pulmonary, musculoskeletal).<br>During the sessions, you are sitting comfortably in a chair and you can listen to music or watch a movie.<br>Sensors are installed to measure 256 times per second activity ing<span style=\"font-size: 18px; color: var( --e-global-color-text );\">ctrique of the brain, and more specifically, the amplitude of the variations. These are then analyzed by software, with a very fast processor.\u00a0<\/span><span style=\"font-size: 18px; color: var( --e-global-color-text );\">When is detected, the amplitude of the variations too brutal, a signal is sent to the brain to \u201cfeedback\u201d, \u201cfeedback\u201d, which is nothing other than a microphone-mute, perceived only by the brain, \u201cnon-conscious\u201d.<\/span><\/p>\t\t\t\t\t\t\t\t<\/div>\n\t\t\t\t<\/div>\n\t\t\t\t\t<\/div>\n\t\t<\/div>\n\t\t\t\t<div class=\"elementor-column elementor-col-33 elementor-top-column elementor-element elementor-element-e13bf05\" data-id=\"e13bf05\" data-element_type=\"column\" data-e-type=\"column\">\n\t\t\t<div class=\"elementor-widget-wrap elementor-element-populated\">\n\t\t\t\t\t\t<div class=\"elementor-element elementor-element-2b1c999 elementor-widget elementor-widget-image\" data-id=\"2b1c999\" data-element_type=\"widget\" data-e-type=\"widget\" data-widget_type=\"image.default\">\n\t\t\t\t<div class=\"elementor-widget-container\">\n\t\t\t\t\t\t\t\t\t\t\t\t\t\t\t<img loading=\"lazy\" decoding=\"async\" width=\"768\" height=\"1024\" src=\"https:\/\/i0.wp.com\/neuroenergieinstitut.com\/wp-content\/uploads\/2022\/12\/Yneurofeedback.png?fit=768%2C1024&amp;ssl=1\" class=\"attachment-large size-large wp-image-769\" alt=\"\" srcset=\"https:\/\/i0.wp.com\/neuroenergieinstitut.com\/wp-content\/uploads\/2022\/12\/Yneurofeedback.png?w=768&amp;ssl=1 768w, https:\/\/i0.wp.com\/neuroenergieinstitut.com\/wp-content\/uploads\/2022\/12\/Yneurofeedback.png?resize=225%2C300&amp;ssl=1 225w, https:\/\/i0.wp.com\/neuroenergieinstitut.com\/wp-content\/uploads\/2022\/12\/Yneurofeedback.png?resize=9%2C12&amp;ssl=1 9w\" sizes=\"auto, (max-width: 768px) 100vw, 768px\">\t\t\t\t\t\t\t\t\t\t\t\t\t\t\t<\/div>\n\t\t\t\t<\/div>\n\t\t\t\t\t<\/div>\n\t\t<\/div>\n\t\t\t\t<div class=\"elementor-column elementor-col-33 elementor-top-column elementor-element elementor-element-5fe1c52\" data-id=\"5fe1c52\" data-element_type=\"column\" data-e-type=\"column\">\n\t\t\t<div class=\"elementor-widget-wrap elementor-element-populated\">\n\t\t\t\t\t\t<div class=\"elementor-element elementor-element-069dd47 elementor-widget elementor-widget-text-editor\" data-id=\"069dd47\" data-element_type=\"widget\" data-e-type=\"widget\" data-widget_type=\"text-editor.default\">\n\t\t\t\t<div class=\"elementor-widget-container\">\n\t\t\t\t\t\t\t\t\t<p>When the sound interruption occurs shortly after the onset of the turbulence, the weak neurons responsible for it are reinforced, allowing the brain to learn to balance its neural networks. Neurons change connections, which allows thousands of electrical circuits to change, to reorganize and, thereby, to remove stress and tension, regain self-confidence, and gradually get out of the syndrome. exhaustion at work.<br>It is advisable to start with 2 to 3 sessions weekly for a few weeks<span style=\"font-size: 18px; color: var( --e-global-color-text );\">\u00a0 then practice them time to time a few sessions of consolidation, if you feel the need to.<br>\u00a0<\/span><span style=\"font-family: 'Josefin Sans', sans-serif; font-size: 18px; font-style: normal; font-variant-ligatures: normal; font-variant-caps: normal; font-weight: 400; color: var( --e-global-color-text );\">For a more in-depth, or a difficult problem or chronic, 20 to 30 sessions may be necessary<\/span><\/p><p>The learning acquired is never lost. It is sometimes useful to strengthen them.<\/p>\t\t\t\t\t\t\t\t<\/div>\n\t\t\t\t<\/div>\n\t\t\t\t\t<\/div>\n\t\t<\/div>\n\t\t\t\t\t<\/div>\n\t\t<\/section>\n\t\t\t\t<section class=\"elementor-section elementor-top-section elementor-element elementor-element-835ea30 elementor-section-boxed elementor-section-height-default elementor-section-height-default\" data-id=\"835ea30\" data-element_type=\"section\" data-e-type=\"section\" data-settings=\"{&quot;_ha_eqh_enable&quot;:false}\">\n\t\t\t\t\t\t\t<div class=\"elementor-background-overlay\"><\/div>\n\t\t\t\t\t\t\t<div class=\"elementor-container elementor-column-gap-default\">\n\t\t\t\t\t<div class=\"elementor-column elementor-col-100 elementor-top-column elementor-element elementor-element-8be3441\" data-id=\"8be3441\" data-element_type=\"column\" data-e-type=\"column\">\n\t\t\t<div class=\"elementor-widget-wrap elementor-element-populated\">\n\t\t\t\t\t\t<section class=\"elementor-section elementor-inner-section elementor-element elementor-element-4d7fcf9 elementor-section-boxed elementor-section-height-default elementor-section-height-default\" data-id=\"4d7fcf9\" data-element_type=\"section\" data-e-type=\"section\" data-settings=\"{&quot;_ha_eqh_enable&quot;:false}\">\n\t\t\t\t\t\t<div class=\"elementor-container elementor-column-gap-default\">\n\t\t\t\t\t<div class=\"elementor-column elementor-col-50 elementor-inner-column elementor-element elementor-element-43db4b9\" data-id=\"43db4b9\" data-element_type=\"column\" data-e-type=\"column\">\n\t\t\t<div class=\"elementor-widget-wrap elementor-element-populated\">\n\t\t\t\t\t\t<div class=\"elementor-element elementor-element-78b2f4e elementor-widget elementor-widget-image\" data-id=\"78b2f4e\" data-element_type=\"widget\" data-e-type=\"widget\" data-widget_type=\"image.default\">\n\t\t\t\t<div class=\"elementor-widget-container\">\n\t\t\t\t\t\t\t\t\t\t\t\t\t\t\t<img loading=\"lazy\" decoding=\"async\" width=\"300\" height=\"300\" src=\"https:\/\/i0.wp.com\/neuroenergieinstitut.com\/wp-content\/uploads\/2022\/12\/My-project-9.png?fit=300%2C300&amp;ssl=1\" class=\"attachment-large size-large wp-image-1099\" alt=\"\" srcset=\"https:\/\/i0.wp.com\/neuroenergieinstitut.com\/wp-content\/uploads\/2022\/12\/My-project-9.png?w=300&amp;ssl=1 300w, https:\/\/i0.wp.com\/neuroenergieinstitut.com\/wp-content\/uploads\/2022\/12\/My-project-9.png?resize=150%2C150&amp;ssl=1 150w, https:\/\/i0.wp.com\/neuroenergieinstitut.com\/wp-content\/uploads\/2022\/12\/My-project-9.png?resize=12%2C12&amp;ssl=1 12w\" sizes=\"auto, (max-width: 300px) 100vw, 300px\">\t\t\t\t\t\t\t\t\t\t\t\t\t\t\t<\/div>\n\t\t\t\t<\/div>\n\t\t\t\t\t<\/div>\n\t\t<\/div>\n\t\t\t\t<div class=\"elementor-column elementor-col-50 elementor-inner-column elementor-element elementor-element-e20085b\" data-id=\"e20085b\" data-element_type=\"column\" data-e-type=\"column\">\n\t\t\t<div class=\"elementor-widget-wrap elementor-element-populated\">\n\t\t\t\t\t\t<div class=\"elementor-element elementor-element-54a7f39 elementor-widget elementor-widget-heading\" data-id=\"54a7f39\" data-element_type=\"widget\" data-e-type=\"widget\" data-widget_type=\"heading.default\">\n\t\t\t\t<div class=\"elementor-widget-container\">\n\t\t\t\t\t<h2 class=\"elementor-heading-title elementor-size-default\">Who to address Dynamical Neurofeedback ?<\/h2>\t\t\t\t<\/div>\n\t\t\t\t<\/div>\n\t\t\t\t<div class=\"elementor-element elementor-element-53aea1c elementor-widget elementor-widget-text-editor\" data-id=\"53aea1c\" data-element_type=\"widget\" data-e-type=\"widget\" data-widget_type=\"text-editor.default\">\n\t\t\t\t<div class=\"elementor-widget-container\">\n\t\t\t\t\t\t\t\t\t<p>Cette technique s\u2019adresse \u00e0 tous ceux qui recherchent un mieux \u00eatre, du petit enfant \u00e0 la personne ag\u00e9e !\u00a0<\/p>\t\t\t\t\t\t\t\t<\/div>\n\t\t\t\t<\/div>\n\t\t\t\t\t<\/div>\n\t\t<\/div>\n\t\t\t\t\t<\/div>\n\t\t<\/section>\n\t\t\t\t\t<\/div>\n\t\t<\/div>\n\t\t\t\t\t<\/div>\n\t\t<\/section>\n\t\t\t\t<section class=\"elementor-section elementor-top-section elementor-element elementor-element-40a909a elementor-section-full_width elementor-section-height-default elementor-section-height-default\" data-id=\"40a909a\" data-element_type=\"section\" data-e-type=\"section\" data-settings=\"{&quot;background_background&quot;:&quot;classic&quot;,&quot;_ha_eqh_enable&quot;:false}\">\n\t\t\t\t\t\t\t<div class=\"elementor-background-overlay\"><\/div>\n\t\t\t\t\t\t\t<div class=\"elementor-container elementor-column-gap-default\">\n\t\t\t\t\t<div class=\"elementor-column elementor-col-16 elementor-top-column elementor-element elementor-element-c1e0f27\" data-id=\"c1e0f27\" data-element_type=\"column\" data-e-type=\"column\">\n\t\t\t<div class=\"elementor-widget-wrap\">\n\t\t\t\t\t\t\t<\/div>\n\t\t<\/div>\n\t\t\t\t<div class=\"elementor-column elementor-col-66 elementor-top-column elementor-element elementor-element-c9688ef\" data-id=\"c9688ef\" data-element_type=\"column\" data-e-type=\"column\">\n\t\t\t<div class=\"elementor-widget-wrap elementor-element-populated\">\n\t\t\t\t\t\t<div class=\"elementor-element elementor-element-e3747ac elementor-widget elementor-widget-spacer\" data-id=\"e3747ac\" data-element_type=\"widget\" data-e-type=\"widget\" data-widget_type=\"spacer.default\">\n\t\t\t\t<div class=\"elementor-widget-container\">\n\t\t\t\t\t\t\t<div class=\"elementor-spacer\">\n\t\t\t<div class=\"elementor-spacer-inner\"><\/div>\n\t\t<\/div>\n\t\t\t\t\t\t<\/div>\n\t\t\t\t<\/div>\n\t\t\t\t<div class=\"elementor-element elementor-element-b1773e3 elementor-widget elementor-widget-heading\" data-id=\"b1773e3\" data-element_type=\"widget\" data-e-type=\"widget\" data-widget_type=\"heading.default\">\n\t\t\t\t<div class=\"elementor-widget-container\">\n\t\t\t\t\t<h2 class=\"elementor-heading-title elementor-size-default\">Effects of Dynamical Neurofeedback<\/h2>\t\t\t\t<\/div>\n\t\t\t\t<\/div>\n\t\t\t\t<section class=\"elementor-section elementor-inner-section elementor-element elementor-element-e1d4f4c elementor-section-height-min-height elementor-reverse-tablet elementor-reverse-mobile elementor-section-boxed elementor-section-height-default\" data-id=\"e1d4f4c\" data-element_type=\"section\" data-e-type=\"section\" data-settings=\"{&quot;_ha_eqh_enable&quot;:false}\">\n\t\t\t\t\t\t<div class=\"elementor-container elementor-column-gap-default\">\n\t\t\t\t\t<div class=\"elementor-column elementor-col-50 elementor-inner-column elementor-element elementor-element-f7d46ee\" data-id=\"f7d46ee\" data-element_type=\"column\" data-e-type=\"column\" data-settings=\"{&quot;background_background&quot;:&quot;classic&quot;}\">\n\t\t\t<div class=\"elementor-widget-wrap elementor-element-populated\">\n\t\t\t\t\t<div class=\"elementor-background-overlay\"><\/div>\n\t\t\t\t\t\t<div class=\"elementor-element elementor-element-5b5b91e elementor-widget elementor-widget-heading\" data-id=\"5b5b91e\" data-element_type=\"widget\" data-e-type=\"widget\" data-widget_type=\"heading.default\">\n\t\t\t\t<div class=\"elementor-widget-container\">\n\t\t\t\t\t<h2 class=\"elementor-heading-title elementor-size-default\">Physiological disorders<\/h2>\t\t\t\t<\/div>\n\t\t\t\t<\/div>\n\t\t\t\t<div class=\"elementor-element elementor-element-8e977c5 elementor-widget elementor-widget-text-editor\" data-id=\"8e977c5\" data-element_type=\"widget\" data-e-type=\"widget\" data-widget_type=\"text-editor.default\">\n\t\t\t\t<div class=\"elementor-widget-container\">\n\t\t\t\t\t\t\t\t\t<p>\u2022 Insomnia<br>\u2022 Migraine<br>\u2022 Gastrointestinal disorders<br>\u2022 TOC<br>\u2022 Stuttering<br>\u2022 ICT <br>\u2022 Tremor<br>\u2022 Parkinson&#039;s disease<br>\u2022 Epilepsy<br>\u2022 Sleep apnea<br><br><\/p>\t\t\t\t\t\t\t\t<\/div>\n\t\t\t\t<\/div>\n\t\t\t\t\t<\/div>\n\t\t<\/div>\n\t\t\t\t<div class=\"elementor-column elementor-col-50 elementor-inner-column elementor-element elementor-element-77306c9\" data-id=\"77306c9\" data-element_type=\"column\" data-e-type=\"column\" data-settings=\"{&quot;background_background&quot;:&quot;classic&quot;}\">\n\t\t\t<div class=\"elementor-widget-wrap elementor-element-populated\">\n\t\t\t\t\t\t<div class=\"elementor-element elementor-element-436cab6 elementor-widget elementor-widget-heading\" data-id=\"436cab6\" data-element_type=\"widget\" data-e-type=\"widget\" data-widget_type=\"heading.default\">\n\t\t\t\t<div class=\"elementor-widget-container\">\n\t\t\t\t\t<h2 class=\"elementor-heading-title elementor-size-default\">Disorders of mood and behavior <\/h2>\t\t\t\t<\/div>\n\t\t\t\t<\/div>\n\t\t\t\t<div class=\"elementor-element elementor-element-53dca4c elementor-widget elementor-widget-text-editor\" data-id=\"53dca4c\" data-element_type=\"widget\" data-e-type=\"widget\" data-widget_type=\"text-editor.default\">\n\t\t\t\t<div class=\"elementor-widget-container\">\n\t\t\t\t\t\t\t\t\t<ul>\n<li>Chronic Fatigue<\/li>\n<li>Lack of energy<\/li>\n<li>Irritability, nervousness, aggressiveness<\/li>\n<li>Trauma psychological<\/li>\n<li>Anxiety<\/li>\n<li>Emotionality<\/li>\n<li>Phobias<\/li>\n<li>Lack of self-confidence<\/li>\n<li>Depression,<\/li>\n<li>Hyperactivity<\/li>\n<\/ul>\t\t\t\t\t\t\t\t<\/div>\n\t\t\t\t<\/div>\n\t\t\t\t\t<\/div>\n\t\t<\/div>\n\t\t\t\t\t<\/div>\n\t\t<\/section>\n\t\t\t\t<section class=\"elementor-section elementor-inner-section elementor-element elementor-element-0603edb elementor-section-height-min-height elementor-section-boxed elementor-section-height-default\" data-id=\"0603edb\" data-element_type=\"section\" data-e-type=\"section\" data-settings=\"{&quot;_ha_eqh_enable&quot;:false}\">\n\t\t\t\t\t\t<div class=\"elementor-container elementor-column-gap-default\">\n\t\t\t\t\t<div class=\"elementor-column elementor-col-50 elementor-inner-column elementor-element elementor-element-2f6666c\" data-id=\"2f6666c\" data-element_type=\"column\" data-e-type=\"column\" data-settings=\"{&quot;background_background&quot;:&quot;classic&quot;}\">\n\t\t\t<div class=\"elementor-widget-wrap elementor-element-populated\">\n\t\t\t\t\t\t<div class=\"elementor-element elementor-element-5ecda56 elementor-widget elementor-widget-heading\" data-id=\"5ecda56\" data-element_type=\"widget\" data-e-type=\"widget\" data-widget_type=\"heading.default\">\n\t\t\t\t<div class=\"elementor-widget-container\">\n\t\t\t\t\t<h2 class=\"elementor-heading-title elementor-size-default\">Cognitive disorders<\/h2>\t\t\t\t<\/div>\n\t\t\t\t<\/div>\n\t\t\t\t<div class=\"elementor-element elementor-element-b4c5878 elementor-widget elementor-widget-text-editor\" data-id=\"b4c5878\" data-element_type=\"widget\" data-e-type=\"widget\" data-widget_type=\"text-editor.default\">\n\t\t\t\t<div class=\"elementor-widget-container\">\n\t\t\t\t\t\t\t\t\t<p>\u2022 Learning difficulties<br>\u2022 Attention deficit disorder <br>\u2022 Lack of memory, concentration,<br>\u2022 Alzheimer&#039;s disease<\/p>\t\t\t\t\t\t\t\t<\/div>\n\t\t\t\t<\/div>\n\t\t\t\t\t<\/div>\n\t\t<\/div>\n\t\t\t\t<div class=\"elementor-column elementor-col-50 elementor-inner-column elementor-element elementor-element-19b465e\" data-id=\"19b465e\" data-element_type=\"column\" data-e-type=\"column\" data-settings=\"{&quot;background_background&quot;:&quot;classic&quot;}\">\n\t\t\t<div class=\"elementor-widget-wrap elementor-element-populated\">\n\t\t\t\t\t\t<div class=\"elementor-element elementor-element-9a1a826 elementor-widget elementor-widget-heading\" data-id=\"9a1a826\" data-element_type=\"widget\" data-e-type=\"widget\" data-widget_type=\"heading.default\">\n\t\t\t\t<div class=\"elementor-widget-container\">\n\t\t\t\t\t<h2 class=\"elementor-heading-title elementor-size-default\">Dependencies and addictions<\/h2>\t\t\t\t<\/div>\n\t\t\t\t<\/div>\n\t\t\t\t<div class=\"elementor-element elementor-element-dafe2cb elementor-widget elementor-widget-text-editor\" data-id=\"dafe2cb\" data-element_type=\"widget\" data-e-type=\"widget\" data-widget_type=\"text-editor.default\">\n\t\t\t\t<div class=\"elementor-widget-container\">\n\t\t\t\t\t\t\t\t\t<p>\u2022 Alcohol<br>\u2022 Cigarette<br>\u2022 Drug<br>\u2022 Sugar<br>\u2022 Anorexia<br>\u2022 Bulimia<\/p>\t\t\t\t\t\t\t\t<\/div>\n\t\t\t\t<\/div>\n\t\t\t\t\t<\/div>\n\t\t<\/div>\n\t\t\t\t\t<\/div>\n\t\t<\/section>\n\t\t\t\t<div class=\"elementor-element elementor-element-936a324 elementor-widget elementor-widget-spacer\" data-id=\"936a324\" data-element_type=\"widget\" data-e-type=\"widget\" data-widget_type=\"spacer.default\">\n\t\t\t\t<div class=\"elementor-widget-container\">\n\t\t\t\t\t\t\t<div class=\"elementor-spacer\">\n\t\t\t<div class=\"elementor-spacer-inner\"><\/div>\n\t\t<\/div>\n\t\t\t\t\t\t<\/div>\n\t\t\t\t<\/div>\n\t\t\t\t<section class=\"elementor-section elementor-inner-section elementor-element elementor-element-f4ff691 elementor-section-height-min-height elementor-section-boxed elementor-section-height-default\" data-id=\"f4ff691\" data-element_type=\"section\" data-e-type=\"section\" data-settings=\"{&quot;_ha_eqh_enable&quot;:false}\">\n\t\t\t\t\t\t<div class=\"elementor-container elementor-column-gap-default\">\n\t\t\t\t\t<div class=\"elementor-column elementor-col-100 elementor-inner-column elementor-element elementor-element-c3b0271\" data-id=\"c3b0271\" data-element_type=\"column\" data-e-type=\"column\" data-settings=\"{&quot;background_background&quot;:&quot;classic&quot;}\">\n\t\t\t<div class=\"elementor-widget-wrap elementor-element-populated\">\n\t\t\t\t\t\t<div class=\"elementor-element elementor-element-ad75b1e elementor-widget elementor-widget-heading\" data-id=\"ad75b1e\" data-element_type=\"widget\" data-e-type=\"widget\" data-widget_type=\"heading.default\">\n\t\t\t\t<div class=\"elementor-widget-container\">\n\t\t\t\t\t<h2 class=\"elementor-heading-title elementor-size-default\">For a compl<span style=\", sans-serif;font-size: 18px;font-style: normal;font-weight: 400;white-space: normal\">e<\/span>ment information, <\/h2>\t\t\t\t<\/div>\n\t\t\t\t<\/div>\n\t\t\t\t<div class=\"elementor-element elementor-element-c35634f elementor-widget elementor-widget-text-editor\" data-id=\"c35634f\" data-element_type=\"widget\" data-e-type=\"widget\" data-widget_type=\"text-editor.default\">\n\t\t\t\t<div class=\"elementor-widget-container\">\n\t\t\t\t\t\t\t\t\t<p><a href=\"https:\/\/neuroptimal.com\/fda-guidelines-statements\/#\" target=\"_blank\" rel=\"noopener\">https:\/\/neuroptimal.com\/fda-guidelines-statements\/#<\/a><\/p>\t\t\t\t\t\t\t\t<\/div>\n\t\t\t\t<\/div>\n\t\t\t\t\t<\/div>\n\t\t<\/div>\n\t\t\t\t\t<\/div>\n\t\t<\/section>\n\t\t\t\t\t<\/div>\n\t\t<\/div>\n\t\t\t\t<div class=\"elementor-column elementor-col-16 elementor-top-column elementor-element elementor-element-3f40447\" data-id=\"3f40447\" data-element_type=\"column\" data-e-type=\"column\">\n\t\t\t<div class=\"elementor-widget-wrap\">\n\t\t\t\t\t\t\t<\/div>\n\t\t<\/div>\n\t\t\t\t\t<\/div>\n\t\t<\/section>\n\t\t\t\t<\/div>\n\t\t<\/body>","protected":false},"excerpt":{"rendered":"<p>Qu\u2019est ce que le Neurofeedback Dynamique ? C\u2019est une m\u00e9thode d\u2019autor\u00e9gulation des r\u00e9seaux neuronaux du cerveau qui agit sur la plasticit\u00e9 c\u00e9r\u00e9brale.Le Neurofeedback dynamique, m\u00e9thode d\u2019entra\u00eenement du cerveau, issue de l\u2019avanc\u00e9e des neurosciences, travaille sur la plasticit\u00e9 c\u00e9r\u00e9brale, en cr\u00e9ant de nouvelles connexions neuronales. D\u00e9couverte dans les ann\u00e9es 70 aux Etats-Unis, elle permet l\u2019autor\u00e9gulation du [&hellip;]<\/p>\n","protected":false},"author":1,"featured_media":0,"parent":0,"menu_order":0,"comment_status":"closed","ping_status":"closed","template":"elementor_header_footer","meta":{"om_disable_all_campaigns":false,"footnotes":""},"class_list":["post-191","page","type-page","status-publish","hentry"],"jetpack_sharing_enabled":true,"_links":{"self":[{"href":"https:\/\/neuroenergieinstitut.com\/en\/wp-json\/wp\/v2\/pages\/191","targetHints":{"allow":["GET"]}}],"collection":[{"href":"https:\/\/neuroenergieinstitut.com\/en\/wp-json\/wp\/v2\/pages"}],"about":[{"href":"https:\/\/neuroenergieinstitut.com\/en\/wp-json\/wp\/v2\/types\/page"}],"author":[{"embeddable":true,"href":"https:\/\/neuroenergieinstitut.com\/en\/wp-json\/wp\/v2\/users\/1"}],"replies":[{"embeddable":true,"href":"https:\/\/neuroenergieinstitut.com\/en\/wp-json\/wp\/v2\/comments?post=191"}],"version-history":[{"count":5,"href":"https:\/\/neuroenergieinstitut.com\/en\/wp-json\/wp\/v2\/pages\/191\/revisions"}],"predecessor-version":[{"id":1312,"href":"https:\/\/neuroenergieinstitut.com\/en\/wp-json\/wp\/v2\/pages\/191\/revisions\/1312"}],"wp:attachment":[{"href":"https:\/\/neuroenergieinstitut.com\/en\/wp-json\/wp\/v2\/media?parent=191"}],"curies":[{"name":"wp","href":"https:\/\/api.w.org\/{rel}","templated":true}]}}